{"id":72,"date":"2019-09-05T13:44:29","date_gmt":"2019-09-05T13:44:29","guid":{"rendered":"https:\/\/dgej.hab.de\/?page_id=72"},"modified":"2025-06-12T08:33:13","modified_gmt":"2025-06-12T08:33:13","slug":"impressum","status":"publish","type":"page","link":"https:\/\/dgej.hab.de\/index.php\/impressum\/","title":{"rendered":"Impressum"},"content":{"rendered":"\n<p><strong>Deutsche Gesellschaft f\u00fcr die Erforschung des 18.&nbsp;Jahrhunderts<\/strong><br>Gesch\u00e4ftsstelle<br>Herzog August Bibliothek<br>Postfach 13 64<br>38299 Wolfenb\u00fcttel<\/p>\n\n\n\n<p>Telefon: +49 \ufd3e0\ufd3f 53 31 8 08-2 02, -2 26<br>Fax: +49 \ufd3e0\ufd3f 53 31 8 08-2 77<br>Internet:&nbsp;<a href=\"https:\/\/web.archive.org\/web\/20190603144442\/https:\/\/dgej.hab.de\/\">https:\/\/dgej.hab.de<\/a><br>e-mail:&nbsp;dgej@hab.de<\/p>\n\n\n\n<p><strong>Vertretungsberechtigter Vorstand:<\/strong><br>Prof. Dr. Christine Haug<br>Zentrum f\u00fcr Buchwissenschaft<br>Buchforschung \u2013 Verlagswirtschaft \u2013 Digitale Medien<br>Ludwig-Maximilians-Universit\u00e4t<br>Schellingstr. 3, RG, Zi 423<br>80799 M\u00fcnchen<br>Tel. 0049 (0)89 2180-2497<br>e-mail:\u00a0christine.haug@germanistik.uni-muenchen.de<\/p>\n\n\n\n<p><strong>R<\/strong><strong>egistergericht:<\/strong>&nbsp;Amtsgericht Braunschweig<br><strong>Registernummer:<\/strong>&nbsp;VR 150176<\/p>\n\n\n\n<h3>Design und Realisierung:<\/h3>\n\n\n\n<p>baukast.digital<\/p>\n\n\n\n<p><blockquote class=\"wp-embedded-content\" data-secret=\"0PNYRAQl7e\"><a href=\"https:\/\/baukast.digital\/\">HERZLICH WILLKOMMEN<\/a><\/blockquote><iframe class=\"wp-embedded-content\" sandbox=\"allow-scripts\" security=\"restricted\" style=\"position: absolute; clip: rect(1px, 1px, 1px, 1px);\" title=\"&#8222;HERZLICH WILLKOMMEN&#8220; &#8212; &lt;bau|ka|st\/&gt;\" src=\"https:\/\/baukast.digital\/embed\/#?secret=4rtJYnpY3h#?secret=0PNYRAQl7e\" data-secret=\"0PNYRAQl7e\" width=\"500\" height=\"282\" frameborder=\"0\" marginwidth=\"0\" marginheight=\"0\" scrolling=\"no\"><\/iframe><\/p>\n","protected":false},"excerpt":{"rendered":"<p>Deutsche Gesellschaft f\u00fcr die Erforschung des 18.&nbsp;JahrhundertsGesch\u00e4ftsstelleHerzog August BibliothekPostfach 13 6438299 Wolfenb\u00fcttel Telefon: +49 \ufd3e0\ufd3f 53 31 8 08-2 02, -2 26Fax: +49 \ufd3e0\ufd3f 53 31 8 08-2 77Internet:&nbsp;https:\/\/dgej.hab.dee-mail:&nbsp;dgej@hab.de Vertretungsberechtigter Vorstand:Prof. Dr. Christine HaugZentrum f\u00fcr BuchwissenschaftBuchforschung \u2013 Verlagswirtschaft \u2013 Digitale MedienLudwig-Maximilians-Universit\u00e4tSchellingstr. 3, RG, Zi 42380799 M\u00fcnchenTel. 0049 (0)89 2180-2497e-mail:\u00a0christine.haug@germanistik.uni-muenchen.de Registergericht:&nbsp;Amtsgericht BraunschweigRegisternummer:&nbsp;VR 150176 Design und Realisierung: baukast.digital HERZLICH WILLKOMMEN<\/p>\n","protected":false},"author":1,"featured_media":0,"parent":0,"menu_order":0,"comment_status":"closed","ping_status":"closed","template":"","meta":[],"_links":{"self":[{"href":"https:\/\/dgej.hab.de\/index.php\/wp-json\/wp\/v2\/pages\/72"}],"collection":[{"href":"https:\/\/dgej.hab.de\/index.php\/wp-json\/wp\/v2\/pages"}],"about":[{"href":"https:\/\/dgej.hab.de\/index.php\/wp-json\/wp\/v2\/types\/page"}],"author":[{"embeddable":true,"href":"https:\/\/dgej.hab.de\/index.php\/wp-json\/wp\/v2\/users\/1"}],"replies":[{"embeddable":true,"href":"https:\/\/dgej.hab.de\/index.php\/wp-json\/wp\/v2\/comments?post=72"}],"version-history":[{"count":4,"href":"https:\/\/dgej.hab.de\/index.php\/wp-json\/wp\/v2\/pages\/72\/revisions"}],"predecessor-version":[{"id":2216,"href":"https:\/\/dgej.hab.de\/index.php\/wp-json\/wp\/v2\/pages\/72\/revisions\/2216"}],"wp:attachment":[{"href":"https:\/\/dgej.hab.de\/index.php\/wp-json\/wp\/v2\/media?parent=72"}],"curies":[{"name":"wp","href":"https:\/\/api.w.org\/{rel}","templated":true}]}}