{"id":255,"date":"2019-11-03T10:21:22","date_gmt":"2019-11-03T10:21:22","guid":{"rendered":"https:\/\/dgej.hab.de\/?page_id=255"},"modified":"2025-09-09T09:49:30","modified_gmt":"2025-09-09T09:49:30","slug":"ueber-uns","status":"publish","type":"page","link":"https:\/\/dgej.hab.de\/index.php\/ueber-uns\/","title":{"rendered":"\u00dcber uns"},"content":{"rendered":"\n<h2><\/h2>\n\n\n\n<p>Die Deutsche Gesellschaft f\u00fcr die Erforschung des 18. Jahrhunderts ist ein Zusammenschluss von zirka 700 Wissenschaftlerinnen und Wissenschaftlern sowie wissenschaftlichen Institutionen in Deutschland und im Ausland. Die Erforschung der f\u00fcr das 18. Jahrhundert relevanten Themenkomplexe ist ihre zentrale Aufgabe. In Zusammenarbeit mit der\u00a0<a rel=\"noreferrer noopener\" href=\"http:\/\/www.hab.de\/\" target=\"_blank\">Herzog August Bibliothek<\/a>\u00a0widmet sich die Gesellschaft Fragen wirkungs-, rezeptions- und ideengeschichtlicher\u00a0Kontinuit\u00e4t und Diskontinuit\u00e4ten seit der Fr\u00fchen Neuzeit in den hierf\u00fcr bedeutsamen Disziplinen.<\/p>\n\n\n\n<p>Unseren aktuellen Flyer finden Sie im Download&nbsp;<a rel=\"noreferrer noopener\" href=\"https:\/\/dgej.hab.de\/wp-content\/uploads\/2025\/09\/DGEJ_Flyer.pdf\" target=\"_blank\">hier<\/a>.<\/p>\n","protected":false},"excerpt":{"rendered":"<p>Die Deutsche Gesellschaft f\u00fcr die Erforschung des 18. Jahrhunderts ist ein Zusammenschluss von zirka 700 Wissenschaftlerinnen und Wissenschaftlern sowie wissenschaftlichen Institutionen in Deutschland und im Ausland. Die Erforschung der f\u00fcr das 18. Jahrhundert relevanten Themenkomplexe ist ihre zentrale Aufgabe. In Zusammenarbeit mit der\u00a0Herzog August Bibliothek\u00a0widmet sich die Gesellschaft Fragen wirkungs-, rezeptions- und ideengeschichtlicher\u00a0Kontinuit\u00e4t und Diskontinuit\u00e4ten seit der Fr\u00fchen Neuzeit in<\/p>\n<p><a class=\"more-link\" href=\"https:\/\/dgej.hab.de\/index.php\/ueber-uns\/\">Weiterlesen<\/a><\/p>\n","protected":false},"author":1,"featured_media":0,"parent":0,"menu_order":0,"comment_status":"closed","ping_status":"closed","template":"","meta":[],"_links":{"self":[{"href":"https:\/\/dgej.hab.de\/index.php\/wp-json\/wp\/v2\/pages\/255"}],"collection":[{"href":"https:\/\/dgej.hab.de\/index.php\/wp-json\/wp\/v2\/pages"}],"about":[{"href":"https:\/\/dgej.hab.de\/index.php\/wp-json\/wp\/v2\/types\/page"}],"author":[{"embeddable":true,"href":"https:\/\/dgej.hab.de\/index.php\/wp-json\/wp\/v2\/users\/1"}],"replies":[{"embeddable":true,"href":"https:\/\/dgej.hab.de\/index.php\/wp-json\/wp\/v2\/comments?post=255"}],"version-history":[{"count":4,"href":"https:\/\/dgej.hab.de\/index.php\/wp-json\/wp\/v2\/pages\/255\/revisions"}],"predecessor-version":[{"id":2259,"href":"https:\/\/dgej.hab.de\/index.php\/wp-json\/wp\/v2\/pages\/255\/revisions\/2259"}],"wp:attachment":[{"href":"https:\/\/dgej.hab.de\/index.php\/wp-json\/wp\/v2\/media?parent=255"}],"curies":[{"name":"wp","href":"https:\/\/api.w.org\/{rel}","templated":true}]}}