{"id":190,"date":"2019-09-12T14:19:17","date_gmt":"2019-09-12T14:19:17","guid":{"rendered":"https:\/\/dgej.hab.de\/?page_id=190"},"modified":"2022-11-17T09:43:24","modified_gmt":"2022-11-17T09:43:24","slug":"internationale-beziehungen","status":"publish","type":"page","link":"https:\/\/dgej.hab.de\/index.php\/internationale-beziehungen\/","title":{"rendered":"Internationale Beziehungen"},"content":{"rendered":"\n<p><span class=\"dropcap\">D<\/span>ie DGEJ ist Mitglied im Internationalen Verband der Gesellschaften f\u00fcr die Erforschung des 18.\u00a0Jahrhunderts <a href=\"https:\/\/oraprdnt.uqtr.uquebec.ca\/pls\/public\/gscw031?owa_no_site=304\">(ISECS)<\/a>.\u00a0In diesem sind heute rund 40 nationale, regionale und assoziierte Gesellschaften zur Erforschung des 18. Jahrhunderts zusammengeschlossen. Die DGEJ kn\u00fcpft internationale wissenschaftliche Beziehungen, um interdisziplin\u00e4re wie \u00fcbernationale Fragestellungen zu behandeln. Sie veranstaltet gemeinsame Tagungen mit nationalen Schwestergesellschaften. <\/p>\n\n\n\n<h2> Links zu unseren Forschungspartnern: <\/h2>\n\n\n\n<ul><li><a href=\"http:\/\/www.izea.uni-halle.de\/\">Interdisziplin\u00e4res Zentrum f\u00fcr die Erforschung der Europ\u00e4ischen Aufkl\u00e4rung, Halle<\/a><\/li><li><a href=\"http:\/\/www.isecs.org\/\">International Society for Eighteenth-Century Studies<\/a><\/li><li><a href=\"https:\/\/asecsoffice.wixsite.com\/asecsoffice\">American Society for Eighteenth-Century Studies<\/a><\/li><li><a href=\"http:\/\/www.bsecs.org.uk\/\">British Society for Eighteenth-Century Studies<\/a><\/li><li><a href=\"http:\/\/www.bulgc18.com\/\">Bulgarian Society for Eighteenth-Century Studies<\/a><\/li><li><a href=\"http:\/\/www.csecs.ca\/\">Canadian Society for Eighteenth-Century Studies<\/a><\/li><li><a href=\"http:\/\/www.dsf1700.dk\/\">Dansk Selskab for 1700-Talsstudier<\/a><\/li><li><a href=\"http:\/\/www.ecis.ie\/\">Eighteenth-Century Ireland Society<\/a><\/li><li><a href=\"https:\/\/1700.fi\/\">Finnish Society for Eighteenth-Century Studies<\/a><\/li><li><a href=\"http:\/\/suedosteuropa-18-jahrhundert.uni-graz.at\/\">Gesellschaft zur Erforschung des 18. Jahrhunderts im s\u00fcd\u00f6stlichen Europa<\/a><\/li><li><a href=\"https:\/\/www.facebook.com\/F%C3%A9lag-um-%C3%A1tj%C3%A1ndu-aldar-fr%C3%A6%C3%B0i-205782410183622\/\">Icelandic Society for Eighteenth-Century Studies<\/a><\/li><li><a href=\"http:\/\/www.1700-tallet.no\/\">Norwegian Society for Eighteenth-Century Studies<\/a><\/li><li><a href=\"http:\/\/www.oege18.org\/\">\u00d6sterreichische Gesellschaft zur Erforschung des 18. Jahrhunderts<\/a><\/li><li><a href=\"https:\/\/wiekosiemnasty.pl\/\">Polish Society for Eighteenth-Century Studies<\/a><\/li><li><a href=\"http:\/\/www.1700-tal.se\/\">S\u00e4llskapet f\u00f6r 1700-Talsstudier<\/a><\/li><li><a href=\"http:\/\/www.sgeaj.ch\/\">Schweizerische Gesellschaft f\u00fcr die Erforschung des 18. Jahrhunderts<\/a><\/li><li><a href=\"http:\/\/sd18.zrc-sazu.si\/\">Slovenian Society for Eighteenth-Century Studies<\/a><\/li><li><a href=\"http:\/\/www.siglo18.org\/\">Sociedad Espa\u00f1ola de Estudios del Siglo XVIII<\/a><\/li><li><a href=\"http:\/\/spess18.blogspot.com\/\">Sociedade Portuguesa de Estudos sul Seculo XVIII<\/a><\/li><li><a href=\"http:\/\/www.sissd.it\/\">Societ\u00e0 Italiana per gli&nbsp;Studi sul Secolo XVIII <\/a><\/li><li><a href=\"http:\/\/www.sfeds.fr\/\">Soci\u00e9t\u00e9 Fran\u00e7aise d&#8217;\u00c9tude du XVIIIe Si\u00e8cle<\/a><\/li><li><a href=\"http:\/\/www.18e-eeuw.nl\/\">Werkgroep 18e Eeuw<\/a><\/li><li><a href=\"https:\/\/www.englische-romantik.de\/\">Gesellschaft f\u00fcr Englische Romantik<\/a><\/li><li><a href=\"http:\/\/www.euromanticism.org\/\">European Romanticisms in Association<\/a><\/li><\/ul>\n","protected":false},"excerpt":{"rendered":"<p>Die DGEJ ist Mitglied im Internationalen Verband der Gesellschaften f\u00fcr die Erforschung des 18.\u00a0Jahrhunderts (ISECS).\u00a0In diesem sind heute rund 40 nationale, regionale und assoziierte Gesellschaften zur Erforschung des 18. Jahrhunderts zusammengeschlossen. Die DGEJ kn\u00fcpft internationale wissenschaftliche Beziehungen, um interdisziplin\u00e4re wie \u00fcbernationale Fragestellungen zu behandeln. Sie veranstaltet gemeinsame Tagungen mit nationalen Schwestergesellschaften. Links zu unseren Forschungspartnern: Interdisziplin\u00e4res Zentrum f\u00fcr die Erforschung<\/p>\n<p><a class=\"more-link\" href=\"https:\/\/dgej.hab.de\/index.php\/internationale-beziehungen\/\">Weiterlesen<\/a><\/p>\n","protected":false},"author":1,"featured_media":0,"parent":0,"menu_order":0,"comment_status":"closed","ping_status":"closed","template":"","meta":[],"_links":{"self":[{"href":"https:\/\/dgej.hab.de\/index.php\/wp-json\/wp\/v2\/pages\/190"}],"collection":[{"href":"https:\/\/dgej.hab.de\/index.php\/wp-json\/wp\/v2\/pages"}],"about":[{"href":"https:\/\/dgej.hab.de\/index.php\/wp-json\/wp\/v2\/types\/page"}],"author":[{"embeddable":true,"href":"https:\/\/dgej.hab.de\/index.php\/wp-json\/wp\/v2\/users\/1"}],"replies":[{"embeddable":true,"href":"https:\/\/dgej.hab.de\/index.php\/wp-json\/wp\/v2\/comments?post=190"}],"version-history":[{"count":9,"href":"https:\/\/dgej.hab.de\/index.php\/wp-json\/wp\/v2\/pages\/190\/revisions"}],"predecessor-version":[{"id":1630,"href":"https:\/\/dgej.hab.de\/index.php\/wp-json\/wp\/v2\/pages\/190\/revisions\/1630"}],"wp:attachment":[{"href":"https:\/\/dgej.hab.de\/index.php\/wp-json\/wp\/v2\/media?parent=190"}],"curies":[{"name":"wp","href":"https:\/\/api.w.org\/{rel}","templated":true}]}}