{"id":152,"date":"2019-09-09T08:01:26","date_gmt":"2019-09-09T08:01:26","guid":{"rendered":"https:\/\/dgej.hab.de\/?page_id=152"},"modified":"2025-09-09T10:00:30","modified_gmt":"2025-09-09T10:00:30","slug":"mitgliedschaft-in-der-dgej","status":"publish","type":"page","link":"https:\/\/dgej.hab.de\/index.php\/mitgliedschaft-in-der-dgej\/","title":{"rendered":"Mitgliedschaft in der DGEJ"},"content":{"rendered":"\n<p><span class=\"dropcap\">D<\/span>ie DGEJ hat zur Zeit zirka 700 Mitglieder im In- und Ausland. Neben Einzelpersonen sind auch Institutionen Mitglied. Im Rahmen der Tagungen findet stets auch die Mitgliederversammlung statt.&nbsp;Das&nbsp;<a href=\"https:\/\/dgej.hab.de\/wp-content\/uploads\/2025\/01\/BEITRITT-ab-2025.pdf\">Anmeldeformular<\/a>&nbsp;k\u00f6nnen Sie entweder bei uns anfordern oder selbst ausdrucken und ausgef\u00fcllt per Post zur\u00fccksenden.&nbsp;Bitte beachten Sie auch die Hinweise zur Verarbeitung Ihrer Angaben und Widerspruchsrechte:&nbsp;<a href=\"https:\/\/dgej.hab.de\/index.php\/datenschutz\/\">https:\/\/dgej.hab.de\/index.php\/datenschutz\/<\/a><br>Der Mitgliedsbeitrag betr\u00e4gt f\u00fcr ordentliche Mitglieder j\u00e4hrlich \u20ac&nbsp;32,\u2013 (f\u00fcr immatrikulierte Studenten \u20ac&nbsp;16,\u2013), \u20ac&nbsp;150,\u2013 j\u00e4hrlich f\u00fcr f\u00f6rdernde Mitglieder. Eine Reduzierung des Beitrags f\u00fcr Mitglieder im Ruhestand kann auf Antrag gew\u00e4hrt werden.<\/p>\n\n\n\n<p>Weitere Informationen zur Mitgliedschaft finden Sie in unserem aktuellen <a href=\"https:\/\/dgej.hab.de\/wp-content\/uploads\/2025\/09\/DGEJ_Flyer.pdf\">Flyer<\/a>.<\/p>\n","protected":false},"excerpt":{"rendered":"<p>Die DGEJ hat zur Zeit zirka 700 Mitglieder im In- und Ausland. Neben Einzelpersonen sind auch Institutionen Mitglied. Im Rahmen der Tagungen findet stets auch die Mitgliederversammlung statt.&nbsp;Das&nbsp;Anmeldeformular&nbsp;k\u00f6nnen Sie entweder bei uns anfordern oder selbst ausdrucken und ausgef\u00fcllt per Post zur\u00fccksenden.&nbsp;Bitte beachten Sie auch die Hinweise zur Verarbeitung Ihrer Angaben und Widerspruchsrechte:&nbsp;https:\/\/dgej.hab.de\/index.php\/datenschutz\/Der Mitgliedsbeitrag betr\u00e4gt f\u00fcr ordentliche Mitglieder j\u00e4hrlich \u20ac&nbsp;32,\u2013 (f\u00fcr<\/p>\n<p><a class=\"more-link\" href=\"https:\/\/dgej.hab.de\/index.php\/mitgliedschaft-in-der-dgej\/\">Weiterlesen<\/a><\/p>\n","protected":false},"author":1,"featured_media":0,"parent":0,"menu_order":0,"comment_status":"closed","ping_status":"closed","template":"","meta":[],"_links":{"self":[{"href":"https:\/\/dgej.hab.de\/index.php\/wp-json\/wp\/v2\/pages\/152"}],"collection":[{"href":"https:\/\/dgej.hab.de\/index.php\/wp-json\/wp\/v2\/pages"}],"about":[{"href":"https:\/\/dgej.hab.de\/index.php\/wp-json\/wp\/v2\/types\/page"}],"author":[{"embeddable":true,"href":"https:\/\/dgej.hab.de\/index.php\/wp-json\/wp\/v2\/users\/1"}],"replies":[{"embeddable":true,"href":"https:\/\/dgej.hab.de\/index.php\/wp-json\/wp\/v2\/comments?post=152"}],"version-history":[{"count":13,"href":"https:\/\/dgej.hab.de\/index.php\/wp-json\/wp\/v2\/pages\/152\/revisions"}],"predecessor-version":[{"id":2265,"href":"https:\/\/dgej.hab.de\/index.php\/wp-json\/wp\/v2\/pages\/152\/revisions\/2265"}],"wp:attachment":[{"href":"https:\/\/dgej.hab.de\/index.php\/wp-json\/wp\/v2\/media?parent=152"}],"curies":[{"name":"wp","href":"https:\/\/api.w.org\/{rel}","templated":true}]}}