{"id":12,"date":"2019-09-05T08:38:34","date_gmt":"2019-09-05T08:38:34","guid":{"rendered":"https:\/\/dgej.hab.de\/?page_id=12"},"modified":"2025-09-09T09:54:17","modified_gmt":"2025-09-09T09:54:17","slug":"forschung","status":"publish","type":"page","link":"https:\/\/dgej.hab.de\/index.php\/forschung\/","title":{"rendered":"Forschung"},"content":{"rendered":"\n<h2>Forschungsprofil<\/h2>\n\n\n\n<p><span class=\"dropcap\">D<\/span>ie DGEJ tr\u00e4gt der zentralen Bedeutung des 18. Jahrhunderts f\u00fcr das Selbstverst\u00e4ndnis der Moderne durch entsprechende Forschungsaktivit\u00e4ten Rechnung, und zwar sowohl im deutschsprachigen Raum wie auch in Zusammenarbeit mit anderen nationalen Gesellschaften. Sie gibt Anregungen dazu, die Forschungsergebnisse einzelner Fachrichtungen interdisziplin\u00e4r auszuwerten und durch f\u00e4cher\u00fcbergreifende Studien zu erg\u00e4nzen. Die Mitglieder der Gesellschaft \u2013 derzeit sind es zirka 700 aus Deutschland sowie 24 weiteren L\u00e4ndern \u2013 spiegeln das weite Spektrum der Forschung im 18. Jahrhundert.<\/p>\n\n\n\n<p>Das 18. Jahrhundert ist die Epochenschwelle zwischen Fr\u00fcher Neuzeit und Moderne. Grund\u00fcberzeugungen neuzeitlichen Selbstverst\u00e4ndnisses werden im 18. Jahrhundert konsequent fortgeschrieben, auf verschiedene Bereiche wie die K\u00fcnste, die gesellschaftlichen und politischen Prozesse sowie die Alltagskultur angewendet und in der Theorie zugespitzt. Im 18. Jahrhundert begr\u00fcndet sich Wissenschaft im modernen Sinne. Das 18. Jahrhundert ist von zentraler Bedeutung f\u00fcr die Vergewisserung des eigenen Standorts in der Gegenwart. Es ist Spiegel des modernen Selbstverst\u00e4ndnisses.<\/p>\n\n\n\n<h2>Forschungsstellen<\/h2>\n\n\n\n<p> Das von der DGEJ erstellte Verzeichnis soll eine \u00dcbersicht \u00fcber die deutsche Aufkl\u00e4rungs- bzw. 18.-Jahrhundert-Forschung bieten und die Kooperation zwischen den einzelnen Institutionen und Forschern verbessern. <a href=\"https:\/\/dgej.hab.de\/wp-content\/uploads\/2020\/05\/Forschungsstellen-Orte.pdf\">Universit\u00e4re und au\u00dferuniversit\u00e4re Einrichtungen <\/a>(Universit\u00e4tsinstitute, l\u00e4ngerfristig angelegte Editionsprojekte, Gesellschaften, Sonderforschungsbereiche, Sondersammlungen bzw. Archive, Museen u.\u00e4.), die sich die Erforschung des 18. Jahrhunderts zum Ziel gesetzt haben, haben mit einer kurzen Selbstbeschreibung zu dieser Topographie beigetragen.  <\/p>\n\n\n\n<p>Wir nehmen Sie gerne in unsere Liste auf. Senden Sie uns den <a href=\"https:\/\/dgej.hab.de\/wp-content\/uploads\/2019\/09\/fragebogen-topographie.pdf\">Fragebogen<\/a> zur Selbstbeschreibung per Email oder per Post zur\u00fcck.<\/p>\n\n\n\r\n            \r\n            \r\n            \r\n            <a name='map1'><\/a>\r\n            \r\n            \r\n            \r\n            \r\n\r\n            <div class=\"wpgmza_map \"  id=\"wpgmza_map_1\" style=\"display:block; overflow:auto; width:100%; height:400px; float:left;\" data-settings='{\"id\":\"1\",\"map_title\":\"Forschungsstellen\",\"map_width\":\"100\",\"map_height\":\"400\",\"map_start_lat\":\"53.560359\",\"map_start_lng\":\"13.388860\",\"map_start_location\":\"53.56035882128421,13.388859899999998\",\"map_start_zoom\":\"7\",\"default_marker\":\"\",\"type\":\"1\",\"alignment\":\"1\",\"directions_enabled\":\"0\",\"styling_enabled\":\"0\",\"styling_json\":\"\",\"active\":\"0\",\"kml\":\"\",\"bicycle\":\"2\",\"traffic\":\"2\",\"dbox\":\"1\",\"dbox_width\":\"100\",\"listmarkers\":\"0\",\"listmarkers_advanced\":\"0\",\"filterbycat\":\"0\",\"ugm_enabled\":\"0\",\"ugm_category_enabled\":\"0\",\"fusion\":\"\",\"map_width_type\":\"\\\\%\",\"map_height_type\":\"px\",\"mass_marker_support\":\"1\",\"ugm_access\":\"0\",\"order_markers_by\":\"1\",\"order_markers_choice\":\"2\",\"show_user_location\":\"2\",\"default_to\":\"\",\"other_settings\":{\"store_locator_style\":\"legacy\",\"wpgmza_store_locator_radius_style\":\"legacy\",\"directions_box_style\":\"default\",\"show_distance_from_location\":0,\"map_max_zoom\":\"1\",\"map_min_zoom\":\"21\",\"sl_stroke_color\":\"\",\"sl_stroke_opacity\":\"\",\"sl_fill_color\":\"\",\"sl_fill_opacity\":\"\",\"automatically_pan_to_users_location\":0,\"override_users_location_zoom_level\":0,\"click_open_link\":2,\"hide_point_of_interest\":2,\"fit_maps_bounds_to_markers\":2,\"fit_maps_bounds_to_markers_after_filtering\":2,\"wpgmza_auto_night\":0,\"transport_layer\":2,\"polygon_labels\":false,\"enable_marker_ratings\":false,\"iw_primary_color\":\"2A3744\",\"iw_accent_color\":\"252F3A\",\"iw_text_color\":\"FFFFFF\",\"wpgmza_iw_type\":\"0\",\"list_markers_by\":\"1\",\"push_in_map\":\"\",\"push_in_map_placement\":\"9\",\"wpgmza_push_in_map_width\":\"\",\"wpgmza_push_in_map_height\":\"\",\"upload_default_ul_marker\":\"\",\"upload_default_sl_marker\":\"\",\"wpgmza_dbox_width_type\":\"%\",\"default_from\":\"\",\"directions_behaviour\":\"default\",\"force_google_directions_app\":false,\"directions_route_origin_icon\":\"\",\"directions_route_destination_icon\":\"\",\"directions_route_stroke_color\":\"#4f8df5\",\"directions_route_stroke_weight\":\"4\",\"directions_route_stroke_opacity\":\"0.8\",\"enable_advanced_custom_fields_integration\":false,\"enable_toolset_woocommerce_integration\":false}}' data-shortcode-attributes='{\"id\":\"1\"}'> <\/div>\r\n            \r\n            <div data-wpgmza-table data-wpgmza-php-class=\"WPGMZA\\MarkerListing\\BasicTable\" data-wpgmza-rest-api-route=\"\/marker-listing\/\" data-wpgmza-marker-listing=\"true\" class=\"wpgmza_marker_list_class\" style=\"width:100%;\" data-wpgmza-ajax-parameters='{\"map_id\":\"1\"}' id=\"wpgmza_marker_list_1\"><\/div>   \r\n        ","protected":false},"excerpt":{"rendered":"<p>Forschungsprofil Die DGEJ tr\u00e4gt der zentralen Bedeutung des 18. Jahrhunderts f\u00fcr das Selbstverst\u00e4ndnis der Moderne durch entsprechende Forschungsaktivit\u00e4ten Rechnung, und zwar sowohl im deutschsprachigen Raum wie auch in Zusammenarbeit mit anderen nationalen Gesellschaften. Sie gibt Anregungen dazu, die Forschungsergebnisse einzelner Fachrichtungen interdisziplin\u00e4r auszuwerten und durch f\u00e4cher\u00fcbergreifende Studien zu erg\u00e4nzen. Die Mitglieder der Gesellschaft \u2013 derzeit sind es zirka 700 aus<\/p>\n<p><a class=\"more-link\" href=\"https:\/\/dgej.hab.de\/index.php\/forschung\/\">Weiterlesen<\/a><\/p>\n","protected":false},"author":1,"featured_media":0,"parent":0,"menu_order":0,"comment_status":"closed","ping_status":"closed","template":"","meta":[],"_links":{"self":[{"href":"https:\/\/dgej.hab.de\/index.php\/wp-json\/wp\/v2\/pages\/12"}],"collection":[{"href":"https:\/\/dgej.hab.de\/index.php\/wp-json\/wp\/v2\/pages"}],"about":[{"href":"https:\/\/dgej.hab.de\/index.php\/wp-json\/wp\/v2\/types\/page"}],"author":[{"embeddable":true,"href":"https:\/\/dgej.hab.de\/index.php\/wp-json\/wp\/v2\/users\/1"}],"replies":[{"embeddable":true,"href":"https:\/\/dgej.hab.de\/index.php\/wp-json\/wp\/v2\/comments?post=12"}],"version-history":[{"count":12,"href":"https:\/\/dgej.hab.de\/index.php\/wp-json\/wp\/v2\/pages\/12\/revisions"}],"predecessor-version":[{"id":2263,"href":"https:\/\/dgej.hab.de\/index.php\/wp-json\/wp\/v2\/pages\/12\/revisions\/2263"}],"wp:attachment":[{"href":"https:\/\/dgej.hab.de\/index.php\/wp-json\/wp\/v2\/media?parent=12"}],"curies":[{"name":"wp","href":"https:\/\/api.w.org\/{rel}","templated":true}]}}